{"id":12255,"date":"2024-02-26T17:44:30","date_gmt":"2024-02-26T17:44:30","guid":{"rendered":"https:\/\/incendieglb.com\/?page_id=12255"},"modified":"2024-03-07T19:23:32","modified_gmt":"2024-03-07T19:23:32","slug":"certifications-2","status":"publish","type":"page","link":"https:\/\/incendieglb.com\/en\/certifications-2\/","title":{"rendered":"Certification"},"content":{"rendered":"<div data-elementor-type=\"wp-page\" data-elementor-id=\"12255\" class=\"elementor elementor-12255\" data-elementor-post-type=\"page\">\n\t\t\t\t\t\t<section class=\"elementor-section elementor-top-section elementor-element elementor-element-8afe4a8 elementor-section-height-min-height elementor-section-boxed elementor-section-height-default elementor-section-items-middle\" data-id=\"8afe4a8\" data-element_type=\"section\" data-settings=\"{&quot;background_background&quot;:&quot;classic&quot;}\">\n\t\t\t\t\t\t\t<div class=\"elementor-background-overlay\"><\/div>\n\t\t\t\t\t\t\t<div class=\"elementor-container elementor-column-gap-default\">\n\t\t\t\t\t<div class=\"elementor-column elementor-col-100 elementor-top-column elementor-element elementor-element-f00fc1e\" data-id=\"f00fc1e\" data-element_type=\"column\">\n\t\t\t<div class=\"elementor-widget-wrap elementor-element-populated\">\n\t\t\t\t\t\t<div class=\"elementor-element elementor-element-55e52a5 elementor-widget elementor-widget-heading\" data-id=\"55e52a5\" data-element_type=\"widget\" data-widget_type=\"heading.default\">\n\t\t\t\t<div class=\"elementor-widget-container\">\n\t\t\t\t\t<h2 class=\"elementor-heading-title elementor-size-default\">REPORTS &amp; CERTIFICATES<\/h2>\t\t\t\t<\/div>\n\t\t\t\t<\/div>\n\t\t\t\t<div class=\"elementor-element elementor-element-15d6136 elementor-icon-list--layout-inline elementor-align-center elementor-list-item-link-full_width elementor-widget elementor-widget-icon-list\" data-id=\"15d6136\" data-element_type=\"widget\" data-widget_type=\"icon-list.default\">\n\t\t\t\t<div class=\"elementor-widget-container\">\n\t\t\t\t\t\t\t<ul class=\"elementor-icon-list-items elementor-inline-items\">\n\t\t\t\t\t\t\t<li class=\"elementor-icon-list-item elementor-inline-item\">\n\t\t\t\t\t\t\t\t\t\t\t<a href=\"https:\/\/incendieglb.com\/en\">\n\n\t\t\t\t\t\t\t\t\t\t\t\t<span class=\"elementor-icon-list-icon\">\n\t\t\t\t\t\t\t<i aria-hidden=\"true\" class=\"icon icon-home2\"><\/i>\t\t\t\t\t\t<\/span>\n\t\t\t\t\t\t\t\t\t\t<span class=\"elementor-icon-list-text\">Home Page \/<\/span>\n\t\t\t\t\t\t\t\t\t\t\t<\/a>\n\t\t\t\t\t\t\t\t\t<\/li>\n\t\t\t\t\t\t\t\t<li class=\"elementor-icon-list-item elementor-inline-item\">\n\t\t\t\t\t\t\t\t\t\t\t<a href=\"https:\/\/incendieglb.com\/en\/protection-incendie-glb-2\/\">\n\n\t\t\t\t\t\t\t\t\t\t\t<span class=\"elementor-icon-list-text\">Reports &amp; Certificates<\/span>\n\t\t\t\t\t\t\t\t\t\t\t<\/a>\n\t\t\t\t\t\t\t\t\t<\/li>\n\t\t\t\t\t\t<\/ul>\n\t\t\t\t\t\t<\/div>\n\t\t\t\t<\/div>\n\t\t\t\t\t<\/div>\n\t\t<\/div>\n\t\t\t\t\t<\/div>\n\t\t<\/section>\n\t\t\t\t<section class=\"elementor-section elementor-top-section elementor-element elementor-element-46765a8 elementor-section-boxed elementor-section-height-default elementor-section-height-default\" data-id=\"46765a8\" data-element_type=\"section\">\n\t\t\t\t\t\t<div class=\"elementor-container elementor-column-gap-default\">\n\t\t\t\t\t<div class=\"elementor-column elementor-col-100 elementor-top-column elementor-element elementor-element-9670ed3\" data-id=\"9670ed3\" data-element_type=\"column\">\n\t\t\t<div class=\"elementor-widget-wrap elementor-element-populated\">\n\t\t\t\t\t\t<div class=\"elementor-element elementor-element-eae32e7 elementor-widget elementor-widget-elementskit-heading\" data-id=\"eae32e7\" data-element_type=\"widget\" data-widget_type=\"elementskit-heading.default\">\n\t\t\t\t<div class=\"elementor-widget-container\">\n\t\t\t\t\t<div class=\"ekit-wid-con\" ><div class=\"ekit-heading elementskit-section-title-wraper text_center   ekit_heading_tablet-   ekit_heading_mobile-\"><h2 class=\"ekit-heading--title elementskit-section-title\">Exclusive Access for Our Clients<\/h2>\t\t\t\t<div class='ekit-heading__description'>\n\t\t\t\t\t<h5><span style=\"color: #342f36\">We are currently in the midst of developing an innovative digital interface, designed specifically to provide our clientele with simplified and secure access to their inspection reports and certificates, directly online. <\/span><\/h5>\n<h5><span style=\"color: #342f36\">This initiative is part of our ongoing commitment to enhancing user experience and providing solutions tailored to the evolving needs of our clients.<\/span><\/h5>\n\t\t\t\t<\/div>\n\t\t\t<\/div><\/div>\t\t\t\t<\/div>\n\t\t\t\t<\/div>\n\t\t\t\t\t<\/div>\n\t\t<\/div>\n\t\t\t\t\t<\/div>\n\t\t<\/section>\n\t\t\t\t<\/div>","protected":false},"excerpt":{"rendered":"<p>RAPPORTS &amp; CERTIFICATS Accueil \/ Rapports &#038; certificats Acc\u00e8s privil\u00e9gi\u00e9 pour nos clients Nous sommes actuellement en pleine phase de d\u00e9veloppement d&rsquo;une interface num\u00e9rique innovante, con\u00e7ue sp\u00e9cifiquement pour offrir \u00e0 notre client\u00e8le un acc\u00e8s simplifi\u00e9 et s\u00e9curis\u00e9 \u00e0 leurs rapports et certificats d&rsquo;inspection, directement en ligne. Cette initiative s&rsquo;inscrit dans notre engagement continu \u00e0 am\u00e9liorer [&hellip;]<\/p>","protected":false},"author":1,"featured_media":0,"parent":0,"menu_order":0,"comment_status":"closed","ping_status":"closed","template":"","meta":{"_acf_changed":false,"content-type":"","footnotes":""},"class_list":["post-12255","page","type-page","status-publish","hentry"],"acf":[],"yoast_head":"<!-- This site is optimized with the Yoast SEO plugin v25.6 - https:\/\/yoast.com\/wordpress\/plugins\/seo\/ -->\n<title>Certification - Protection Incendie GLB<\/title>\n<meta name=\"robots\" content=\"index, follow, max-snippet:-1, max-image-preview:large, max-video-preview:-1\" \/>\n<link rel=\"canonical\" href=\"https:\/\/incendieglb.com\/en\/certifications-2\/\" \/>\n<meta property=\"og:locale\" content=\"en_US\" \/>\n<meta property=\"og:type\" content=\"article\" \/>\n<meta property=\"og:title\" content=\"Certification - Protection Incendie GLB\" \/>\n<meta property=\"og:description\" content=\"RAPPORTS &amp; CERTIFICATS Accueil \/ Rapports &#038; certificats Acc\u00e8s privil\u00e9gi\u00e9 pour nos clients Nous sommes actuellement en pleine phase de d\u00e9veloppement d&rsquo;une interface num\u00e9rique innovante, con\u00e7ue sp\u00e9cifiquement pour offrir \u00e0 notre client\u00e8le un acc\u00e8s simplifi\u00e9 et s\u00e9curis\u00e9 \u00e0 leurs rapports et certificats d&rsquo;inspection, directement en ligne. Cette initiative s&rsquo;inscrit dans notre engagement continu \u00e0 am\u00e9liorer [&hellip;]\" \/>\n<meta property=\"og:url\" content=\"https:\/\/incendieglb.com\/en\/certifications-2\/\" \/>\n<meta property=\"og:site_name\" content=\"Protection Incendie GLB\" \/>\n<meta property=\"article:publisher\" content=\"https:\/\/www.facebook.com\/Protectionincendieglb\" \/>\n<meta property=\"article:modified_time\" content=\"2024-03-07T19:23:32+00:00\" \/>\n<meta name=\"twitter:card\" content=\"summary_large_image\" \/>\n<meta name=\"twitter:label1\" content=\"Est. reading time\" \/>\n\t<meta name=\"twitter:data1\" content=\"1 minute\" \/>\n<script type=\"application\/ld+json\" class=\"yoast-schema-graph\">{\"@context\":\"https:\/\/schema.org\",\"@graph\":[{\"@type\":\"WebPage\",\"@id\":\"https:\/\/incendieglb.com\/certifications-2\/\",\"url\":\"https:\/\/incendieglb.com\/certifications-2\/\",\"name\":\"Certification - Protection Incendie GLB\",\"isPartOf\":{\"@id\":\"https:\/\/incendieglb.com\/#website\"},\"datePublished\":\"2024-02-26T17:44:30+00:00\",\"dateModified\":\"2024-03-07T19:23:32+00:00\",\"breadcrumb\":{\"@id\":\"https:\/\/incendieglb.com\/certifications-2\/#breadcrumb\"},\"inLanguage\":\"en-US\",\"potentialAction\":[{\"@type\":\"ReadAction\",\"target\":[\"https:\/\/incendieglb.com\/certifications-2\/\"]}]},{\"@type\":\"BreadcrumbList\",\"@id\":\"https:\/\/incendieglb.com\/certifications-2\/#breadcrumb\",\"itemListElement\":[{\"@type\":\"ListItem\",\"position\":1,\"name\":\"Accueil\",\"item\":\"https:\/\/incendieglb.com\/\"},{\"@type\":\"ListItem\",\"position\":2,\"name\":\"Certification\"}]},{\"@type\":\"WebSite\",\"@id\":\"https:\/\/incendieglb.com\/#website\",\"url\":\"https:\/\/incendieglb.com\/\",\"name\":\"Protection Incendie GLB\",\"description\":\"Welcome\",\"publisher\":{\"@id\":\"https:\/\/incendieglb.com\/#organization\"},\"potentialAction\":[{\"@type\":\"SearchAction\",\"target\":{\"@type\":\"EntryPoint\",\"urlTemplate\":\"https:\/\/incendieglb.com\/?s={search_term_string}\"},\"query-input\":{\"@type\":\"PropertyValueSpecification\",\"valueRequired\":true,\"valueName\":\"search_term_string\"}}],\"inLanguage\":\"en-US\"},{\"@type\":\"Organization\",\"@id\":\"https:\/\/incendieglb.com\/#organization\",\"name\":\"Protection Incendie GLB\",\"url\":\"https:\/\/incendieglb.com\/\",\"logo\":{\"@type\":\"ImageObject\",\"inLanguage\":\"en-US\",\"@id\":\"https:\/\/incendieglb.com\/#\/schema\/logo\/image\/\",\"url\":\"https:\/\/incendieglb.com\/wp-content\/uploads\/2024\/02\/PI_GLB_Colour.png\",\"contentUrl\":\"https:\/\/incendieglb.com\/wp-content\/uploads\/2024\/02\/PI_GLB_Colour.png\",\"width\":2943,\"height\":1218,\"caption\":\"Protection Incendie GLB\"},\"image\":{\"@id\":\"https:\/\/incendieglb.com\/#\/schema\/logo\/image\/\"},\"sameAs\":[\"https:\/\/www.facebook.com\/Protectionincendieglb\",\"https:\/\/www.linkedin.com\/company\/protection-incendie-glb\"]}]}<\/script>\n<!-- \/ Yoast SEO plugin. -->","yoast_head_json":{"title":"Certification - Protection Incendie GLB","robots":{"index":"index","follow":"follow","max-snippet":"max-snippet:-1","max-image-preview":"max-image-preview:large","max-video-preview":"max-video-preview:-1"},"canonical":"https:\/\/incendieglb.com\/en\/certifications-2\/","og_locale":"en_US","og_type":"article","og_title":"Certification - Protection Incendie GLB","og_description":"RAPPORTS &amp; CERTIFICATS Accueil \/ Rapports &#038; certificats Acc\u00e8s privil\u00e9gi\u00e9 pour nos clients Nous sommes actuellement en pleine phase de d\u00e9veloppement d&rsquo;une interface num\u00e9rique innovante, con\u00e7ue sp\u00e9cifiquement pour offrir \u00e0 notre client\u00e8le un acc\u00e8s simplifi\u00e9 et s\u00e9curis\u00e9 \u00e0 leurs rapports et certificats d&rsquo;inspection, directement en ligne. Cette initiative s&rsquo;inscrit dans notre engagement continu \u00e0 am\u00e9liorer [&hellip;]","og_url":"https:\/\/incendieglb.com\/en\/certifications-2\/","og_site_name":"Protection Incendie GLB","article_publisher":"https:\/\/www.facebook.com\/Protectionincendieglb","article_modified_time":"2024-03-07T19:23:32+00:00","twitter_card":"summary_large_image","twitter_misc":{"Est. reading time":"1 minute"},"schema":{"@context":"https:\/\/schema.org","@graph":[{"@type":"WebPage","@id":"https:\/\/incendieglb.com\/certifications-2\/","url":"https:\/\/incendieglb.com\/certifications-2\/","name":"Certification - Protection Incendie GLB","isPartOf":{"@id":"https:\/\/incendieglb.com\/#website"},"datePublished":"2024-02-26T17:44:30+00:00","dateModified":"2024-03-07T19:23:32+00:00","breadcrumb":{"@id":"https:\/\/incendieglb.com\/certifications-2\/#breadcrumb"},"inLanguage":"en-US","potentialAction":[{"@type":"ReadAction","target":["https:\/\/incendieglb.com\/certifications-2\/"]}]},{"@type":"BreadcrumbList","@id":"https:\/\/incendieglb.com\/certifications-2\/#breadcrumb","itemListElement":[{"@type":"ListItem","position":1,"name":"Accueil","item":"https:\/\/incendieglb.com\/"},{"@type":"ListItem","position":2,"name":"Certification"}]},{"@type":"WebSite","@id":"https:\/\/incendieglb.com\/#website","url":"https:\/\/incendieglb.com\/","name":"Protection Incendie GLB","description":"Welcome","publisher":{"@id":"https:\/\/incendieglb.com\/#organization"},"potentialAction":[{"@type":"SearchAction","target":{"@type":"EntryPoint","urlTemplate":"https:\/\/incendieglb.com\/?s={search_term_string}"},"query-input":{"@type":"PropertyValueSpecification","valueRequired":true,"valueName":"search_term_string"}}],"inLanguage":"en-US"},{"@type":"Organization","@id":"https:\/\/incendieglb.com\/#organization","name":"Protection Incendie GLB","url":"https:\/\/incendieglb.com\/","logo":{"@type":"ImageObject","inLanguage":"en-US","@id":"https:\/\/incendieglb.com\/#\/schema\/logo\/image\/","url":"https:\/\/incendieglb.com\/wp-content\/uploads\/2024\/02\/PI_GLB_Colour.png","contentUrl":"https:\/\/incendieglb.com\/wp-content\/uploads\/2024\/02\/PI_GLB_Colour.png","width":2943,"height":1218,"caption":"Protection Incendie GLB"},"image":{"@id":"https:\/\/incendieglb.com\/#\/schema\/logo\/image\/"},"sameAs":["https:\/\/www.facebook.com\/Protectionincendieglb","https:\/\/www.linkedin.com\/company\/protection-incendie-glb"]}]}},"_links":{"self":[{"href":"https:\/\/incendieglb.com\/en\/wp-json\/wp\/v2\/pages\/12255","targetHints":{"allow":["GET"]}}],"collection":[{"href":"https:\/\/incendieglb.com\/en\/wp-json\/wp\/v2\/pages"}],"about":[{"href":"https:\/\/incendieglb.com\/en\/wp-json\/wp\/v2\/types\/page"}],"author":[{"embeddable":true,"href":"https:\/\/incendieglb.com\/en\/wp-json\/wp\/v2\/users\/1"}],"replies":[{"embeddable":true,"href":"https:\/\/incendieglb.com\/en\/wp-json\/wp\/v2\/comments?post=12255"}],"version-history":[{"count":0,"href":"https:\/\/incendieglb.com\/en\/wp-json\/wp\/v2\/pages\/12255\/revisions"}],"wp:attachment":[{"href":"https:\/\/incendieglb.com\/en\/wp-json\/wp\/v2\/media?parent=12255"}],"curies":[{"name":"wp","href":"https:\/\/api.w.org\/{rel}","templated":true}]}}