{"id":7389,"date":"2023-06-25T14:16:31","date_gmt":"2023-06-25T14:16:31","guid":{"rendered":"https:\/\/incendieglb.com\/?page_id=7389"},"modified":"2024-03-18T20:26:09","modified_gmt":"2024-03-18T20:26:09","slug":"entretien","status":"publish","type":"page","link":"https:\/\/incendieglb.com\/en\/entretien\/","title":{"rendered":"Maintenance"},"content":{"rendered":"<div data-elementor-type=\"wp-page\" data-elementor-id=\"7389\" class=\"elementor elementor-7389\" data-elementor-post-type=\"page\">\n\t\t\t\t\t\t<section class=\"elementor-section elementor-top-section elementor-element elementor-element-22f2484 elementor-section-height-min-height elementor-section-boxed elementor-section-height-default elementor-section-items-middle\" data-id=\"22f2484\" data-element_type=\"section\" data-settings=\"{&quot;background_background&quot;:&quot;classic&quot;}\">\n\t\t\t\t\t\t\t<div class=\"elementor-background-overlay\"><\/div>\n\t\t\t\t\t\t\t<div class=\"elementor-container elementor-column-gap-default\">\n\t\t\t\t\t<div class=\"elementor-column elementor-col-100 elementor-top-column elementor-element elementor-element-e84c7e8\" data-id=\"e84c7e8\" data-element_type=\"column\">\n\t\t\t<div class=\"elementor-widget-wrap elementor-element-populated\">\n\t\t\t\t\t\t<div class=\"elementor-element elementor-element-dd21bc2 elementor-widget elementor-widget-heading\" data-id=\"dd21bc2\" data-element_type=\"widget\" data-widget_type=\"heading.default\">\n\t\t\t\t<div class=\"elementor-widget-container\">\n\t\t\t\t\t<h2 class=\"elementor-heading-title elementor-size-default\">MAINTENANCE SERVICES<\/h2>\t\t\t\t<\/div>\n\t\t\t\t<\/div>\n\t\t\t\t<div class=\"elementor-element elementor-element-6fcaf2b elementor-icon-list--layout-inline elementor-align-center elementor-list-item-link-full_width elementor-widget elementor-widget-icon-list\" data-id=\"6fcaf2b\" data-element_type=\"widget\" data-widget_type=\"icon-list.default\">\n\t\t\t\t<div class=\"elementor-widget-container\">\n\t\t\t\t\t\t\t<ul class=\"elementor-icon-list-items elementor-inline-items\">\n\t\t\t\t\t\t\t<li class=\"elementor-icon-list-item elementor-inline-item\">\n\t\t\t\t\t\t\t\t\t\t\t<span class=\"elementor-icon-list-icon\">\n\t\t\t\t\t\t\t<i aria-hidden=\"true\" class=\"icon icon-home2\"><\/i>\t\t\t\t\t\t<\/span>\n\t\t\t\t\t\t\t\t\t\t<span class=\"elementor-icon-list-text\">Home Page \/<\/span>\n\t\t\t\t\t\t\t\t\t<\/li>\n\t\t\t\t\t\t\t\t<li class=\"elementor-icon-list-item elementor-inline-item\">\n\t\t\t\t\t\t\t\t\t\t\t<a href=\"https:\/\/incendieglb.com\/en\/entretien\/\">\n\n\t\t\t\t\t\t\t\t\t\t\t<span class=\"elementor-icon-list-text\">Services \/<\/span>\n\t\t\t\t\t\t\t\t\t\t\t<\/a>\n\t\t\t\t\t\t\t\t\t<\/li>\n\t\t\t\t\t\t\t\t<li class=\"elementor-icon-list-item elementor-inline-item\">\n\t\t\t\t\t\t\t\t\t\t<span class=\"elementor-icon-list-text\">Maintenance<\/span>\n\t\t\t\t\t\t\t\t\t<\/li>\n\t\t\t\t\t\t<\/ul>\n\t\t\t\t\t\t<\/div>\n\t\t\t\t<\/div>\n\t\t\t\t\t<\/div>\n\t\t<\/div>\n\t\t\t\t\t<\/div>\n\t\t<\/section>\n\t\t\t\t<section class=\"elementor-section elementor-top-section elementor-element elementor-element-5a7a7f8 elementor-section-boxed elementor-section-height-default elementor-section-height-default\" data-id=\"5a7a7f8\" data-element_type=\"section\">\n\t\t\t\t\t\t<div class=\"elementor-container elementor-column-gap-no\">\n\t\t\t\t\t<div class=\"elementor-column elementor-col-100 elementor-top-column elementor-element elementor-element-bcb6cfa\" data-id=\"bcb6cfa\" data-element_type=\"column\">\n\t\t\t<div class=\"elementor-widget-wrap elementor-element-populated\">\n\t\t\t\t\t\t<section class=\"elementor-section elementor-inner-section elementor-element elementor-element-dc258e5 elementor-section-boxed elementor-section-height-default elementor-section-height-default\" data-id=\"dc258e5\" data-element_type=\"section\">\n\t\t\t\t\t\t<div class=\"elementor-container elementor-column-gap-default\">\n\t\t\t\t\t<div class=\"elementor-column elementor-col-50 elementor-inner-column elementor-element elementor-element-1c10130\" data-id=\"1c10130\" data-element_type=\"column\">\n\t\t\t<div class=\"elementor-widget-wrap elementor-element-populated\">\n\t\t\t\t\t\t<div class=\"elementor-element elementor-element-826e2d3 elementor-widget elementor-widget-image\" data-id=\"826e2d3\" data-element_type=\"widget\" data-widget_type=\"image.default\">\n\t\t\t\t<div class=\"elementor-widget-container\">\n\t\t\t\t\t\t\t\t\t\t\t\t\t\t\t<img fetchpriority=\"high\" decoding=\"async\" width=\"720\" height=\"720\" src=\"https:\/\/incendieglb.com\/wp-content\/uploads\/2023\/12\/Upgrading-Equipment.png\" class=\"attachment-large size-large wp-image-11368\" alt=\"Pictogramme qui repr\u00e9sente le service d&#039;installation du syst\u00e8me de protection incendie\" srcset=\"https:\/\/incendieglb.com\/wp-content\/uploads\/2023\/12\/Upgrading-Equipment.png 720w, https:\/\/incendieglb.com\/wp-content\/uploads\/2023\/12\/Upgrading-Equipment-300x300.png 300w, https:\/\/incendieglb.com\/wp-content\/uploads\/2023\/12\/Upgrading-Equipment-150x150.png 150w, https:\/\/incendieglb.com\/wp-content\/uploads\/2023\/12\/Upgrading-Equipment-12x12.png 12w\" sizes=\"(max-width: 720px) 100vw, 720px\" \/>\t\t\t\t\t\t\t\t\t\t\t\t\t\t\t<\/div>\n\t\t\t\t<\/div>\n\t\t\t\t<div class=\"elementor-element elementor-element-b57b4fa elementor-widget elementor-widget-elementskit-heading\" data-id=\"b57b4fa\" data-element_type=\"widget\" data-widget_type=\"elementskit-heading.default\">\n\t\t\t\t<div class=\"elementor-widget-container\">\n\t\t\t\t\t<div class=\"ekit-wid-con\" ><div class=\"ekit-heading elementskit-section-title-wraper text_left   ekit_heading_tablet-   ekit_heading_mobile-\"><h2 class=\"ekit-heading--title elementskit-section-title\">The Importance of Maintenance Follow-ups<\/h2>\t\t\t\t<div class='ekit-heading__description'>\n\t\t\t\t\t<p><span style=\"font-weight: 400\">Maintenance of fire protection equipment is necessary to ensure its proper functioning. In addition to mandatory maintenance reminders, our <\/span><span style=\"font-weight: 400\">rigorous inspection service<\/span><span style=\"font-weight: 400\"> detects potential failures. Detailed information regarding maintenance work recommended by our certified technicians is included in your inspection report, which you can consult in the <\/span><span style=\"font-weight: 400\">Client Portal<\/span><span style=\"font-weight: 400\">.<\/span><\/p>\n\t\t\t\t<\/div>\n\t\t\t<\/div><\/div>\t\t\t\t<\/div>\n\t\t\t\t<\/div>\n\t\t\t\t\t<\/div>\n\t\t<\/div>\n\t\t\t\t<div class=\"elementor-column elementor-col-50 elementor-inner-column elementor-element elementor-element-20150d9\" data-id=\"20150d9\" data-element_type=\"column\">\n\t\t\t<div class=\"elementor-widget-wrap elementor-element-populated\">\n\t\t\t\t\t\t<div class=\"elementor-element elementor-element-76767f3 elementor-widget elementor-widget-image\" data-id=\"76767f3\" data-element_type=\"widget\" data-widget_type=\"image.default\">\n\t\t\t\t<div class=\"elementor-widget-container\">\n\t\t\t\t\t\t\t\t\t\t\t\t\t\t\t<img decoding=\"async\" width=\"720\" height=\"720\" src=\"https:\/\/incendieglb.com\/wp-content\/uploads\/2023\/12\/24-7.png\" class=\"attachment-large size-large wp-image-11507\" alt=\"\" srcset=\"https:\/\/incendieglb.com\/wp-content\/uploads\/2023\/12\/24-7.png 720w, https:\/\/incendieglb.com\/wp-content\/uploads\/2023\/12\/24-7-300x300.png 300w, https:\/\/incendieglb.com\/wp-content\/uploads\/2023\/12\/24-7-150x150.png 150w, https:\/\/incendieglb.com\/wp-content\/uploads\/2023\/12\/24-7-12x12.png 12w\" sizes=\"(max-width: 720px) 100vw, 720px\" \/>\t\t\t\t\t\t\t\t\t\t\t\t\t\t\t<\/div>\n\t\t\t\t<\/div>\n\t\t\t\t<div class=\"elementor-element elementor-element-27143f7 elementor-widget elementor-widget-elementskit-heading\" data-id=\"27143f7\" data-element_type=\"widget\" data-widget_type=\"elementskit-heading.default\">\n\t\t\t\t<div class=\"elementor-widget-container\">\n\t\t\t\t\t<div class=\"ekit-wid-con\" ><div class=\"ekit-heading elementskit-section-title-wraper text_left   ekit_heading_tablet-   ekit_heading_mobile-\"><h2 class=\"ekit-heading--title elementskit-section-title\">Our Emergency Service<\/h2>\t\t\t\t<div class='ekit-heading__description'>\n\t\t\t\t\t<p><span style=\"font-weight: 400\">Our team responds to emergency calls 24\/7. If a failure of your fire protection system is detected outside of office hours, you should contact our emergency service. A technician will be dispatched to your location promptly to repair your fire protection equipment.<\/span><\/p>\n\t\t\t\t<\/div>\n\t\t\t<\/div><\/div>\t\t\t\t<\/div>\n\t\t\t\t<\/div>\n\t\t\t\t\t<\/div>\n\t\t<\/div>\n\t\t\t\t\t<\/div>\n\t\t<\/section>\n\t\t\t\t<section class=\"elementor-section elementor-inner-section elementor-element elementor-element-d4786ea elementor-section-boxed elementor-section-height-default elementor-section-height-default\" data-id=\"d4786ea\" data-element_type=\"section\">\n\t\t\t\t\t\t<div class=\"elementor-container elementor-column-gap-default\">\n\t\t\t\t\t<div class=\"elementor-column elementor-col-50 elementor-inner-column elementor-element elementor-element-adeda3b\" data-id=\"adeda3b\" data-element_type=\"column\">\n\t\t\t<div class=\"elementor-widget-wrap elementor-element-populated\">\n\t\t\t\t\t\t<div class=\"elementor-element elementor-element-3521346 elementor-widget elementor-widget-image\" data-id=\"3521346\" data-element_type=\"widget\" data-widget_type=\"image.default\">\n\t\t\t\t<div class=\"elementor-widget-container\">\n\t\t\t\t\t\t\t\t\t\t\t\t\t\t\t<img decoding=\"async\" width=\"720\" height=\"720\" src=\"https:\/\/incendieglb.com\/wp-content\/uploads\/2023\/12\/Prevention-Maintenance.png\" class=\"attachment-large size-large wp-image-11506\" alt=\"\" srcset=\"https:\/\/incendieglb.com\/wp-content\/uploads\/2023\/12\/Prevention-Maintenance.png 720w, https:\/\/incendieglb.com\/wp-content\/uploads\/2023\/12\/Prevention-Maintenance-300x300.png 300w, https:\/\/incendieglb.com\/wp-content\/uploads\/2023\/12\/Prevention-Maintenance-150x150.png 150w, https:\/\/incendieglb.com\/wp-content\/uploads\/2023\/12\/Prevention-Maintenance-12x12.png 12w\" sizes=\"(max-width: 720px) 100vw, 720px\" \/>\t\t\t\t\t\t\t\t\t\t\t\t\t\t\t<\/div>\n\t\t\t\t<\/div>\n\t\t\t\t<div class=\"elementor-element elementor-element-81a29df elementor-widget elementor-widget-elementskit-heading\" data-id=\"81a29df\" data-element_type=\"widget\" data-widget_type=\"elementskit-heading.default\">\n\t\t\t\t<div class=\"elementor-widget-container\">\n\t\t\t\t\t<div class=\"ekit-wid-con\" ><div class=\"ekit-heading elementskit-section-title-wraper text_left   ekit_heading_tablet-   ekit_heading_mobile-\"><h2 class=\"ekit-heading--title elementskit-section-title\">Bringing Fire Protection Equipment Up to Standards<\/h2>\t\t\t\t<div class='ekit-heading__description'>\n\t\t\t\t\t<p><span style=\"font-weight: 400\">The annual inspection allows us to identify maintenance work and upgrades needed to ensure the reliability and performance of your fire protection equipment. Our inspection reports document our recommendations, and our technicians ensure that the work is done promptly to ensure your protection and that of your property and belongings.<\/span><\/p>\n\t\t\t\t<\/div>\n\t\t\t<\/div><\/div>\t\t\t\t<\/div>\n\t\t\t\t<\/div>\n\t\t\t\t\t<\/div>\n\t\t<\/div>\n\t\t\t\t<div class=\"elementor-column elementor-col-50 elementor-inner-column elementor-element elementor-element-6d4e368\" data-id=\"6d4e368\" data-element_type=\"column\">\n\t\t\t<div class=\"elementor-widget-wrap elementor-element-populated\">\n\t\t\t\t\t\t<div class=\"elementor-element elementor-element-d51a9b6 elementor-widget elementor-widget-image\" data-id=\"d51a9b6\" data-element_type=\"widget\" data-widget_type=\"image.default\">\n\t\t\t\t<div class=\"elementor-widget-container\">\n\t\t\t\t\t\t\t\t\t\t\t\t\t\t\t<img loading=\"lazy\" decoding=\"async\" width=\"720\" height=\"720\" src=\"https:\/\/incendieglb.com\/wp-content\/uploads\/2023\/12\/Facility.png\" class=\"attachment-large size-large wp-image-11505\" alt=\"\" srcset=\"https:\/\/incendieglb.com\/wp-content\/uploads\/2023\/12\/Facility.png 720w, https:\/\/incendieglb.com\/wp-content\/uploads\/2023\/12\/Facility-300x300.png 300w, https:\/\/incendieglb.com\/wp-content\/uploads\/2023\/12\/Facility-150x150.png 150w, https:\/\/incendieglb.com\/wp-content\/uploads\/2023\/12\/Facility-12x12.png 12w\" sizes=\"(max-width: 720px) 100vw, 720px\" \/>\t\t\t\t\t\t\t\t\t\t\t\t\t\t\t<\/div>\n\t\t\t\t<\/div>\n\t\t\t\t<div class=\"elementor-element elementor-element-0022585 elementor-widget elementor-widget-elementskit-heading\" data-id=\"0022585\" data-element_type=\"widget\" data-widget_type=\"elementskit-heading.default\">\n\t\t\t\t<div class=\"elementor-widget-container\">\n\t\t\t\t\t<div class=\"ekit-wid-con\" ><div class=\"ekit-heading elementskit-section-title-wraper text_left   ekit_heading_tablet-   ekit_heading_mobile-\"><h2 class=\"ekit-heading--title elementskit-section-title\">Our Preventive Maintenance Program<\/h2>\t\t\t\t<div class='ekit-heading__description'>\n\t\t\t\t\t<p><span style=\"font-weight: 400\">The legislation requires the annual verification and maintenance of fire detection systems. Our team also offers you a personalized preventive maintenance program for your equipment to maintain a superior level of fire protection. Inquire for more information.<\/span><\/p>\n\t\t\t\t<\/div>\n\t\t\t<\/div><\/div>\t\t\t\t<\/div>\n\t\t\t\t<\/div>\n\t\t\t\t\t<\/div>\n\t\t<\/div>\n\t\t\t\t\t<\/div>\n\t\t<\/section>\n\t\t\t\t\t<\/div>\n\t\t<\/div>\n\t\t\t\t\t<\/div>\n\t\t<\/section>\n\t\t\t\t<\/div>","protected":false},"excerpt":{"rendered":"<p>Services d\u2019entretien Accueil \/ Services \/ Entretien L\u2019importance des suivis d\u2019entretien L\u2019entretien des \u00e9quipements de protection incendie est n\u00e9cessaire pour assurer leur bon fonctionnement. En plus des rappels d\u2019entretien obligatoires, notre service d\u2019inspection rigoureux d\u00e9c\u00e8le les d\u00e9faillances potentielles. L\u2019information d\u00e9taill\u00e9e concernant les travaux d\u2019entretien recommand\u00e9s par nos techniciens certifi\u00e9s se retrouve dans votre rapport d\u2019inspection [&hellip;]<\/p>","protected":false},"author":1,"featured_media":0,"parent":0,"menu_order":0,"comment_status":"closed","ping_status":"closed","template":"","meta":{"_acf_changed":false,"content-type":"","footnotes":""},"class_list":["post-7389","page","type-page","status-publish","hentry"],"acf":[],"yoast_head":"<!-- This site is optimized with the Yoast SEO plugin v25.6 - https:\/\/yoast.com\/wordpress\/plugins\/seo\/ -->\n<title>Entretien - Protection Incendie GLB<\/title>\n<meta name=\"robots\" content=\"index, follow, max-snippet:-1, max-image-preview:large, max-video-preview:-1\" \/>\n<link rel=\"canonical\" href=\"https:\/\/incendieglb.com\/en\/entretien\/\" \/>\n<meta property=\"og:locale\" content=\"en_US\" \/>\n<meta property=\"og:type\" content=\"article\" \/>\n<meta property=\"og:title\" content=\"Entretien - Protection Incendie GLB\" \/>\n<meta property=\"og:description\" content=\"Services d\u2019entretien Accueil \/ Services \/ Entretien L\u2019importance des suivis d\u2019entretien L\u2019entretien des \u00e9quipements de protection incendie est n\u00e9cessaire pour assurer leur bon fonctionnement. En plus des rappels d\u2019entretien obligatoires, notre service d\u2019inspection rigoureux d\u00e9c\u00e8le les d\u00e9faillances potentielles. L\u2019information d\u00e9taill\u00e9e concernant les travaux d\u2019entretien recommand\u00e9s par nos techniciens certifi\u00e9s se retrouve dans votre rapport d\u2019inspection [&hellip;]\" \/>\n<meta property=\"og:url\" content=\"https:\/\/incendieglb.com\/en\/entretien\/\" \/>\n<meta property=\"og:site_name\" content=\"Protection Incendie GLB\" \/>\n<meta property=\"article:publisher\" content=\"https:\/\/www.facebook.com\/Protectionincendieglb\" \/>\n<meta property=\"article:modified_time\" content=\"2024-03-18T20:26:09+00:00\" \/>\n<meta property=\"og:image\" content=\"https:\/\/incendieglb.com\/wp-content\/uploads\/2023\/12\/Upgrading-Equipment.png\" \/>\n<meta name=\"twitter:card\" content=\"summary_large_image\" \/>\n<meta name=\"twitter:label1\" content=\"Est. reading time\" \/>\n\t<meta name=\"twitter:data1\" content=\"2 minutes\" \/>\n<script type=\"application\/ld+json\" class=\"yoast-schema-graph\">{\"@context\":\"https:\/\/schema.org\",\"@graph\":[{\"@type\":\"WebPage\",\"@id\":\"https:\/\/incendieglb.com\/entretien\/\",\"url\":\"https:\/\/incendieglb.com\/entretien\/\",\"name\":\"Entretien - Protection Incendie GLB\",\"isPartOf\":{\"@id\":\"https:\/\/incendieglb.com\/#website\"},\"primaryImageOfPage\":{\"@id\":\"https:\/\/incendieglb.com\/entretien\/#primaryimage\"},\"image\":{\"@id\":\"https:\/\/incendieglb.com\/entretien\/#primaryimage\"},\"thumbnailUrl\":\"https:\/\/incendieglb.com\/wp-content\/uploads\/2023\/12\/Upgrading-Equipment.png\",\"datePublished\":\"2023-06-25T14:16:31+00:00\",\"dateModified\":\"2024-03-18T20:26:09+00:00\",\"breadcrumb\":{\"@id\":\"https:\/\/incendieglb.com\/entretien\/#breadcrumb\"},\"inLanguage\":\"en-US\",\"potentialAction\":[{\"@type\":\"ReadAction\",\"target\":[\"https:\/\/incendieglb.com\/entretien\/\"]}]},{\"@type\":\"ImageObject\",\"inLanguage\":\"en-US\",\"@id\":\"https:\/\/incendieglb.com\/entretien\/#primaryimage\",\"url\":\"https:\/\/incendieglb.com\/wp-content\/uploads\/2023\/12\/Upgrading-Equipment.png\",\"contentUrl\":\"https:\/\/incendieglb.com\/wp-content\/uploads\/2023\/12\/Upgrading-Equipment.png\"},{\"@type\":\"BreadcrumbList\",\"@id\":\"https:\/\/incendieglb.com\/entretien\/#breadcrumb\",\"itemListElement\":[{\"@type\":\"ListItem\",\"position\":1,\"name\":\"Accueil\",\"item\":\"https:\/\/incendieglb.com\/\"},{\"@type\":\"ListItem\",\"position\":2,\"name\":\"Entretien\"}]},{\"@type\":\"WebSite\",\"@id\":\"https:\/\/incendieglb.com\/#website\",\"url\":\"https:\/\/incendieglb.com\/\",\"name\":\"Protection Incendie GLB\",\"description\":\"Welcome\",\"publisher\":{\"@id\":\"https:\/\/incendieglb.com\/#organization\"},\"potentialAction\":[{\"@type\":\"SearchAction\",\"target\":{\"@type\":\"EntryPoint\",\"urlTemplate\":\"https:\/\/incendieglb.com\/?s={search_term_string}\"},\"query-input\":{\"@type\":\"PropertyValueSpecification\",\"valueRequired\":true,\"valueName\":\"search_term_string\"}}],\"inLanguage\":\"en-US\"},{\"@type\":\"Organization\",\"@id\":\"https:\/\/incendieglb.com\/#organization\",\"name\":\"Protection Incendie GLB\",\"url\":\"https:\/\/incendieglb.com\/\",\"logo\":{\"@type\":\"ImageObject\",\"inLanguage\":\"en-US\",\"@id\":\"https:\/\/incendieglb.com\/#\/schema\/logo\/image\/\",\"url\":\"https:\/\/incendieglb.com\/wp-content\/uploads\/2024\/02\/PI_GLB_Colour.png\",\"contentUrl\":\"https:\/\/incendieglb.com\/wp-content\/uploads\/2024\/02\/PI_GLB_Colour.png\",\"width\":2943,\"height\":1218,\"caption\":\"Protection Incendie GLB\"},\"image\":{\"@id\":\"https:\/\/incendieglb.com\/#\/schema\/logo\/image\/\"},\"sameAs\":[\"https:\/\/www.facebook.com\/Protectionincendieglb\",\"https:\/\/www.linkedin.com\/company\/protection-incendie-glb\"]}]}<\/script>\n<!-- \/ Yoast SEO plugin. -->","yoast_head_json":{"title":"Entretien - Protection Incendie GLB","robots":{"index":"index","follow":"follow","max-snippet":"max-snippet:-1","max-image-preview":"max-image-preview:large","max-video-preview":"max-video-preview:-1"},"canonical":"https:\/\/incendieglb.com\/en\/entretien\/","og_locale":"en_US","og_type":"article","og_title":"Entretien - Protection Incendie GLB","og_description":"Services d\u2019entretien Accueil \/ Services \/ Entretien L\u2019importance des suivis d\u2019entretien L\u2019entretien des \u00e9quipements de protection incendie est n\u00e9cessaire pour assurer leur bon fonctionnement. En plus des rappels d\u2019entretien obligatoires, notre service d\u2019inspection rigoureux d\u00e9c\u00e8le les d\u00e9faillances potentielles. L\u2019information d\u00e9taill\u00e9e concernant les travaux d\u2019entretien recommand\u00e9s par nos techniciens certifi\u00e9s se retrouve dans votre rapport d\u2019inspection [&hellip;]","og_url":"https:\/\/incendieglb.com\/en\/entretien\/","og_site_name":"Protection Incendie GLB","article_publisher":"https:\/\/www.facebook.com\/Protectionincendieglb","article_modified_time":"2024-03-18T20:26:09+00:00","og_image":[{"url":"https:\/\/incendieglb.com\/wp-content\/uploads\/2023\/12\/Upgrading-Equipment.png","type":"","width":"","height":""}],"twitter_card":"summary_large_image","twitter_misc":{"Est. reading time":"2 minutes"},"schema":{"@context":"https:\/\/schema.org","@graph":[{"@type":"WebPage","@id":"https:\/\/incendieglb.com\/entretien\/","url":"https:\/\/incendieglb.com\/entretien\/","name":"Entretien - Protection Incendie GLB","isPartOf":{"@id":"https:\/\/incendieglb.com\/#website"},"primaryImageOfPage":{"@id":"https:\/\/incendieglb.com\/entretien\/#primaryimage"},"image":{"@id":"https:\/\/incendieglb.com\/entretien\/#primaryimage"},"thumbnailUrl":"https:\/\/incendieglb.com\/wp-content\/uploads\/2023\/12\/Upgrading-Equipment.png","datePublished":"2023-06-25T14:16:31+00:00","dateModified":"2024-03-18T20:26:09+00:00","breadcrumb":{"@id":"https:\/\/incendieglb.com\/entretien\/#breadcrumb"},"inLanguage":"en-US","potentialAction":[{"@type":"ReadAction","target":["https:\/\/incendieglb.com\/entretien\/"]}]},{"@type":"ImageObject","inLanguage":"en-US","@id":"https:\/\/incendieglb.com\/entretien\/#primaryimage","url":"https:\/\/incendieglb.com\/wp-content\/uploads\/2023\/12\/Upgrading-Equipment.png","contentUrl":"https:\/\/incendieglb.com\/wp-content\/uploads\/2023\/12\/Upgrading-Equipment.png"},{"@type":"BreadcrumbList","@id":"https:\/\/incendieglb.com\/entretien\/#breadcrumb","itemListElement":[{"@type":"ListItem","position":1,"name":"Accueil","item":"https:\/\/incendieglb.com\/"},{"@type":"ListItem","position":2,"name":"Entretien"}]},{"@type":"WebSite","@id":"https:\/\/incendieglb.com\/#website","url":"https:\/\/incendieglb.com\/","name":"Protection Incendie GLB","description":"Welcome","publisher":{"@id":"https:\/\/incendieglb.com\/#organization"},"potentialAction":[{"@type":"SearchAction","target":{"@type":"EntryPoint","urlTemplate":"https:\/\/incendieglb.com\/?s={search_term_string}"},"query-input":{"@type":"PropertyValueSpecification","valueRequired":true,"valueName":"search_term_string"}}],"inLanguage":"en-US"},{"@type":"Organization","@id":"https:\/\/incendieglb.com\/#organization","name":"Protection Incendie GLB","url":"https:\/\/incendieglb.com\/","logo":{"@type":"ImageObject","inLanguage":"en-US","@id":"https:\/\/incendieglb.com\/#\/schema\/logo\/image\/","url":"https:\/\/incendieglb.com\/wp-content\/uploads\/2024\/02\/PI_GLB_Colour.png","contentUrl":"https:\/\/incendieglb.com\/wp-content\/uploads\/2024\/02\/PI_GLB_Colour.png","width":2943,"height":1218,"caption":"Protection Incendie GLB"},"image":{"@id":"https:\/\/incendieglb.com\/#\/schema\/logo\/image\/"},"sameAs":["https:\/\/www.facebook.com\/Protectionincendieglb","https:\/\/www.linkedin.com\/company\/protection-incendie-glb"]}]}},"_links":{"self":[{"href":"https:\/\/incendieglb.com\/en\/wp-json\/wp\/v2\/pages\/7389","targetHints":{"allow":["GET"]}}],"collection":[{"href":"https:\/\/incendieglb.com\/en\/wp-json\/wp\/v2\/pages"}],"about":[{"href":"https:\/\/incendieglb.com\/en\/wp-json\/wp\/v2\/types\/page"}],"author":[{"embeddable":true,"href":"https:\/\/incendieglb.com\/en\/wp-json\/wp\/v2\/users\/1"}],"replies":[{"embeddable":true,"href":"https:\/\/incendieglb.com\/en\/wp-json\/wp\/v2\/comments?post=7389"}],"version-history":[{"count":0,"href":"https:\/\/incendieglb.com\/en\/wp-json\/wp\/v2\/pages\/7389\/revisions"}],"wp:attachment":[{"href":"https:\/\/incendieglb.com\/en\/wp-json\/wp\/v2\/media?parent=7389"}],"curies":[{"name":"wp","href":"https:\/\/api.w.org\/{rel}","templated":true}]}}